{"id":38413,"date":"2020-04-02T21:31:17","date_gmt":"2020-04-02T21:31:17","guid":{"rendered":"https:\/\/farmerrain.vivamedia.dev\/product\/work-latzhose\/"},"modified":"2026-03-25T14:39:56","modified_gmt":"2026-03-25T13:39:56","slug":"work-latzhose","status":"publish","type":"product","link":"https:\/\/farmerrain.vivamedia.dev\/de\/produkt\/work-latzhose\/","title":{"rendered":"Arbeits-Latzhose"},"content":{"rendered":"<p>Latzhose mit verstellbaren elastischen Hosentr\u00e4gern von h\u00f6chster Qualit\u00e4t. Gummizug im R\u00fccken f\u00fcr eine gute Passform und Gummizug an den Beinabschl\u00fcssen sowie unter den F\u00fc\u00dfen.<\/p>\n<p>MATERIAL<\/p>\n<p>Biovinyl 430 g\/m\u00b2. \u00d6lbest\u00e4ndig, Wassers\u00e4ule &gt; 20000.\u00a0 Verschwei\u00dfte N\u00e4hte.<\/p>\n<p>Die Regenhose hat reflektierende Streifen von 3M und entspricht EN 471 Klasse 2.<\/p>\n","protected":false},"excerpt":{"rendered":"<p>Latzhose mit verstellbaren elastischen Hosentr\u00e4gern von h\u00f6chster Qualit\u00e4t.<\/p>\n","protected":false},"featured_media":61666,"comment_status":"open","ping_status":"closed","template":"","meta":{"_acf_changed":false},"product_brand":[],"product_cat":[1289,1286],"product_tag":[765],"activity":[1260,1070],"class_list":{"0":"post-38413","1":"product","2":"type-product","3":"status-publish","4":"has-post-thumbnail","6":"product_cat-regenbekleidung-latzhosen","7":"product_cat-regenbekleidung","8":"product_tag-yrkesklader-de","9":"activity-latzhosen-outdoor-arbeit","10":"activity-outdoor-arbeit","12":"first","13":"instock","14":"taxable","15":"shipping-taxable","16":"purchasable","17":"product-type-variable","18":"has-default-attributes","19":"rtwpvg-product","20":"rtwpvs-product"},"acf":[],"shsp-ext":{"main":{},"variations":[]},"yoast_head":"<!-- This site is optimized with the Yoast SEO plugin v27.0 - https:\/\/yoast.com\/product\/yoast-seo-wordpress\/ -->\n<title>Arbeits-Latzhose | Farmerrain - H\u00e5llbara regnkl\u00e4der<\/title>\n<meta name=\"description\" content=\"Latzhose mit verstellbaren elastischen Hosentr\u00e4gern von h\u00f6chster Qualit\u00e4t.\" \/>\n<meta name=\"robots\" content=\"index, follow, max-snippet:-1, max-image-preview:large, max-video-preview:-1\" \/>\n<link rel=\"canonical\" href=\"https:\/\/farmerrain.vivamedia.dev\/de\/produkt\/work-latzhose\/\" \/>\n<meta property=\"og:locale\" content=\"de_DE\" \/>\n<meta property=\"og:type\" content=\"article\" \/>\n<meta property=\"og:title\" content=\"Arbeits-Latzhose | Farmerrain - H\u00e5llbara regnkl\u00e4der\" \/>\n<meta property=\"og:description\" content=\"Latzhose mit verstellbaren elastischen Hosentr\u00e4gern von h\u00f6chster Qualit\u00e4t.\" \/>\n<meta property=\"og:url\" content=\"https:\/\/farmerrain.vivamedia.dev\/de\/produkt\/work-latzhose\/\" \/>\n<meta property=\"og:site_name\" content=\"Farmerrain - H\u00e5llbara regnkl\u00e4der\" \/>\n<meta property=\"article:publisher\" content=\"https:\/\/www.facebook.com\/people\/Farmerrain\/100063463901438\/\" \/>\n<meta property=\"article:modified_time\" content=\"2026-03-25T13:39:56+00:00\" \/>\n<meta property=\"og:image\" content=\"https:\/\/farmerrain.vivamedia.dev\/wp-content\/uploads\/2020\/04\/Elin-86.jpg\" \/>\n\t<meta property=\"og:image:width\" content=\"1080\" \/>\n\t<meta property=\"og:image:height\" content=\"1350\" \/>\n\t<meta property=\"og:image:type\" content=\"image\/jpeg\" \/>\n<meta name=\"twitter:card\" content=\"summary_large_image\" \/>\n<meta name=\"twitter:label1\" content=\"Gesch\u00e4tzte Lesezeit\" \/>\n\t<meta name=\"twitter:data1\" content=\"1\u00a0Minute\" \/>\n<script type=\"application\/ld+json\" class=\"yoast-schema-graph\">{\"@context\":\"https:\/\/schema.org\",\"@graph\":[{\"@type\":\"WebPage\",\"@id\":\"https:\/\/farmerrain.vivamedia.dev\/de\/produkt\/work-latzhose\/\",\"url\":\"https:\/\/farmerrain.vivamedia.dev\/de\/produkt\/work-latzhose\/\",\"name\":\"Arbeits-Latzhose | Farmerrain - H\u00e5llbara regnkl\u00e4der\",\"isPartOf\":{\"@id\":\"https:\/\/farmerrain.vivamedia.dev\/#website\"},\"primaryImageOfPage\":{\"@id\":\"https:\/\/farmerrain.vivamedia.dev\/de\/produkt\/work-latzhose\/#primaryimage\"},\"image\":{\"@id\":\"https:\/\/farmerrain.vivamedia.dev\/de\/produkt\/work-latzhose\/#primaryimage\"},\"thumbnailUrl\":\"https:\/\/farmerrain.vivamedia.dev\/wp-content\/uploads\/2020\/04\/Elin-86.jpg\",\"datePublished\":\"2020-04-02T21:31:17+00:00\",\"dateModified\":\"2026-03-25T13:39:56+00:00\",\"description\":\"Latzhose mit verstellbaren elastischen Hosentr\u00e4gern von h\u00f6chster Qualit\u00e4t.\",\"breadcrumb\":{\"@id\":\"https:\/\/farmerrain.vivamedia.dev\/de\/produkt\/work-latzhose\/#breadcrumb\"},\"inLanguage\":\"de\",\"potentialAction\":[{\"@type\":\"ReadAction\",\"target\":[\"https:\/\/farmerrain.vivamedia.dev\/de\/produkt\/work-latzhose\/\"]}]},{\"@type\":\"ImageObject\",\"inLanguage\":\"de\",\"@id\":\"https:\/\/farmerrain.vivamedia.dev\/de\/produkt\/work-latzhose\/#primaryimage\",\"url\":\"https:\/\/farmerrain.vivamedia.dev\/wp-content\/uploads\/2020\/04\/Elin-86.jpg\",\"contentUrl\":\"https:\/\/farmerrain.vivamedia.dev\/wp-content\/uploads\/2020\/04\/Elin-86.jpg\",\"width\":1080,\"height\":1350},{\"@type\":\"BreadcrumbList\",\"@id\":\"https:\/\/farmerrain.vivamedia.dev\/de\/produkt\/work-latzhose\/#breadcrumb\",\"itemListElement\":[{\"@type\":\"ListItem\",\"position\":1,\"name\":\"Shop\",\"item\":\"https:\/\/farmerrain.vivamedia.dev\/de\/shop-2\/\"},{\"@type\":\"ListItem\",\"position\":2,\"name\":\"Arbeits-Latzhose\"}]},{\"@type\":\"WebSite\",\"@id\":\"https:\/\/farmerrain.vivamedia.dev\/#website\",\"url\":\"https:\/\/farmerrain.vivamedia.dev\/\",\"name\":\"Farmerrain - H\u00e5llbara regnkl\u00e4der\",\"description\":\"Regnkl\u00e4der med fokus p\u00e5 h\u00e5llbarhet, funktionalitet och unik design.\",\"publisher\":{\"@id\":\"https:\/\/farmerrain.vivamedia.dev\/#organization\"},\"potentialAction\":[{\"@type\":\"SearchAction\",\"target\":{\"@type\":\"EntryPoint\",\"urlTemplate\":\"https:\/\/farmerrain.vivamedia.dev\/?s={search_term_string}\"},\"query-input\":{\"@type\":\"PropertyValueSpecification\",\"valueRequired\":true,\"valueName\":\"search_term_string\"}}],\"inLanguage\":\"de\"},{\"@type\":\"Organization\",\"@id\":\"https:\/\/farmerrain.vivamedia.dev\/#organization\",\"name\":\"Farmerrain\",\"url\":\"https:\/\/farmerrain.vivamedia.dev\/\",\"logo\":{\"@type\":\"ImageObject\",\"inLanguage\":\"de\",\"@id\":\"https:\/\/farmerrain.vivamedia.dev\/#\/schema\/logo\/image\/\",\"url\":\"https:\/\/farmerrain.vivamedia.dev\/wp-content\/uploads\/2023\/03\/fr_logo.png\",\"contentUrl\":\"https:\/\/farmerrain.vivamedia.dev\/wp-content\/uploads\/2023\/03\/fr_logo.png\",\"width\":179,\"height\":23,\"caption\":\"Farmerrain\"},\"image\":{\"@id\":\"https:\/\/farmerrain.vivamedia.dev\/#\/schema\/logo\/image\/\"},\"sameAs\":[\"https:\/\/www.facebook.com\/people\/Farmerrain\/100063463901438\/\"]}]}<\/script>\n<!-- \/ Yoast SEO plugin. -->","yoast_head_json":{"title":"Arbeits-Latzhose | Farmerrain - H\u00e5llbara regnkl\u00e4der","description":"Latzhose mit verstellbaren elastischen Hosentr\u00e4gern von h\u00f6chster Qualit\u00e4t.","robots":{"index":"index","follow":"follow","max-snippet":"max-snippet:-1","max-image-preview":"max-image-preview:large","max-video-preview":"max-video-preview:-1"},"canonical":"https:\/\/farmerrain.vivamedia.dev\/de\/produkt\/work-latzhose\/","og_locale":"de_DE","og_type":"article","og_title":"Arbeits-Latzhose | Farmerrain - H\u00e5llbara regnkl\u00e4der","og_description":"Latzhose mit verstellbaren elastischen Hosentr\u00e4gern von h\u00f6chster Qualit\u00e4t.","og_url":"https:\/\/farmerrain.vivamedia.dev\/de\/produkt\/work-latzhose\/","og_site_name":"Farmerrain - H\u00e5llbara regnkl\u00e4der","article_publisher":"https:\/\/www.facebook.com\/people\/Farmerrain\/100063463901438\/","article_modified_time":"2026-03-25T13:39:56+00:00","og_image":[{"width":1080,"height":1350,"url":"https:\/\/farmerrain.vivamedia.dev\/wp-content\/uploads\/2020\/04\/Elin-86.jpg","type":"image\/jpeg"}],"twitter_card":"summary_large_image","twitter_misc":{"Gesch\u00e4tzte Lesezeit":"1\u00a0Minute"},"schema":{"@context":"https:\/\/schema.org","@graph":[{"@type":"WebPage","@id":"https:\/\/farmerrain.vivamedia.dev\/de\/produkt\/work-latzhose\/","url":"https:\/\/farmerrain.vivamedia.dev\/de\/produkt\/work-latzhose\/","name":"Arbeits-Latzhose | Farmerrain - H\u00e5llbara regnkl\u00e4der","isPartOf":{"@id":"https:\/\/farmerrain.vivamedia.dev\/#website"},"primaryImageOfPage":{"@id":"https:\/\/farmerrain.vivamedia.dev\/de\/produkt\/work-latzhose\/#primaryimage"},"image":{"@id":"https:\/\/farmerrain.vivamedia.dev\/de\/produkt\/work-latzhose\/#primaryimage"},"thumbnailUrl":"https:\/\/farmerrain.vivamedia.dev\/wp-content\/uploads\/2020\/04\/Elin-86.jpg","datePublished":"2020-04-02T21:31:17+00:00","dateModified":"2026-03-25T13:39:56+00:00","description":"Latzhose mit verstellbaren elastischen Hosentr\u00e4gern von h\u00f6chster Qualit\u00e4t.","breadcrumb":{"@id":"https:\/\/farmerrain.vivamedia.dev\/de\/produkt\/work-latzhose\/#breadcrumb"},"inLanguage":"de","potentialAction":[{"@type":"ReadAction","target":["https:\/\/farmerrain.vivamedia.dev\/de\/produkt\/work-latzhose\/"]}]},{"@type":"ImageObject","inLanguage":"de","@id":"https:\/\/farmerrain.vivamedia.dev\/de\/produkt\/work-latzhose\/#primaryimage","url":"https:\/\/farmerrain.vivamedia.dev\/wp-content\/uploads\/2020\/04\/Elin-86.jpg","contentUrl":"https:\/\/farmerrain.vivamedia.dev\/wp-content\/uploads\/2020\/04\/Elin-86.jpg","width":1080,"height":1350},{"@type":"BreadcrumbList","@id":"https:\/\/farmerrain.vivamedia.dev\/de\/produkt\/work-latzhose\/#breadcrumb","itemListElement":[{"@type":"ListItem","position":1,"name":"Shop","item":"https:\/\/farmerrain.vivamedia.dev\/de\/shop-2\/"},{"@type":"ListItem","position":2,"name":"Arbeits-Latzhose"}]},{"@type":"WebSite","@id":"https:\/\/farmerrain.vivamedia.dev\/#website","url":"https:\/\/farmerrain.vivamedia.dev\/","name":"Farmerrain - H\u00e5llbara regnkl\u00e4der","description":"Regnkl\u00e4der med fokus p\u00e5 h\u00e5llbarhet, funktionalitet och unik design.","publisher":{"@id":"https:\/\/farmerrain.vivamedia.dev\/#organization"},"potentialAction":[{"@type":"SearchAction","target":{"@type":"EntryPoint","urlTemplate":"https:\/\/farmerrain.vivamedia.dev\/?s={search_term_string}"},"query-input":{"@type":"PropertyValueSpecification","valueRequired":true,"valueName":"search_term_string"}}],"inLanguage":"de"},{"@type":"Organization","@id":"https:\/\/farmerrain.vivamedia.dev\/#organization","name":"Farmerrain","url":"https:\/\/farmerrain.vivamedia.dev\/","logo":{"@type":"ImageObject","inLanguage":"de","@id":"https:\/\/farmerrain.vivamedia.dev\/#\/schema\/logo\/image\/","url":"https:\/\/farmerrain.vivamedia.dev\/wp-content\/uploads\/2023\/03\/fr_logo.png","contentUrl":"https:\/\/farmerrain.vivamedia.dev\/wp-content\/uploads\/2023\/03\/fr_logo.png","width":179,"height":23,"caption":"Farmerrain"},"image":{"@id":"https:\/\/farmerrain.vivamedia.dev\/#\/schema\/logo\/image\/"},"sameAs":["https:\/\/www.facebook.com\/people\/Farmerrain\/100063463901438\/"]}]}},"_links":{"self":[{"href":"https:\/\/farmerrain.vivamedia.dev\/de\/wp-json\/wp\/v2\/product\/38413","targetHints":{"allow":["GET"]}}],"collection":[{"href":"https:\/\/farmerrain.vivamedia.dev\/de\/wp-json\/wp\/v2\/product"}],"about":[{"href":"https:\/\/farmerrain.vivamedia.dev\/de\/wp-json\/wp\/v2\/types\/product"}],"replies":[{"embeddable":true,"href":"https:\/\/farmerrain.vivamedia.dev\/de\/wp-json\/wp\/v2\/comments?post=38413"}],"wp:featuredmedia":[{"embeddable":true,"href":"https:\/\/farmerrain.vivamedia.dev\/de\/wp-json\/wp\/v2\/media\/61666"}],"wp:attachment":[{"href":"https:\/\/farmerrain.vivamedia.dev\/de\/wp-json\/wp\/v2\/media?parent=38413"}],"wp:term":[{"taxonomy":"product_brand","embeddable":true,"href":"https:\/\/farmerrain.vivamedia.dev\/de\/wp-json\/wp\/v2\/product_brand?post=38413"},{"taxonomy":"product_cat","embeddable":true,"href":"https:\/\/farmerrain.vivamedia.dev\/de\/wp-json\/wp\/v2\/product_cat?post=38413"},{"taxonomy":"product_tag","embeddable":true,"href":"https:\/\/farmerrain.vivamedia.dev\/de\/wp-json\/wp\/v2\/product_tag?post=38413"},{"taxonomy":"activity","embeddable":true,"href":"https:\/\/farmerrain.vivamedia.dev\/de\/wp-json\/wp\/v2\/activity?post=38413"}],"curies":[{"name":"wp","href":"https:\/\/api.w.org\/{rel}","templated":true}]}}