{"id":39029,"date":"2025-11-27T22:59:54","date_gmt":"2025-11-27T21:59:54","guid":{"rendered":"https:\/\/farmerrain.vivamedia.dev\/product\/matching-kid-jacke\/"},"modified":"2026-03-24T12:57:20","modified_gmt":"2026-03-24T11:57:20","slug":"matching-kid-jacke","status":"publish","type":"product","link":"https:\/\/farmerrain.vivamedia.dev\/de\/produkt\/matching-kid-jacke\/","title":{"rendered":"Matching KID Jacke"},"content":{"rendered":"<p>Die Matching KID-Jacke ist genau das, wonach es sich anh\u00f6rt:<\/p>\n<p>eine passende Jacke, mit der du und dein Kind gleich aussehen.<\/p>\n<p>Die Jacke ist 100 % wasserdicht und hat verschwei\u00dfte N\u00e4hte.<\/p>\n<p>Sie ist hinten etwas l\u00e4nger und hat eine abnehmbare Kapuze.<\/p>\n<p>Reflektoren an Armen und R\u00fccken.<\/p>\n<p>Zwei gro\u00dfe Taschen mit Klappen vorne.<\/p>\n<p>Raglan-\u00c4rmel f\u00fcr beste Beweglichkeit, elastische \u00c4rmelabschl\u00fcsse mit Druckkn\u00f6pfen zum Einstellen.<\/p>\n<p>Material:<\/p>\n<p>Biovinyl 430 Gramm, Wassers\u00e4ule &gt; 20.000 mm<\/p>\n<p>Verschwei\u00dfte N\u00e4hte<\/p>\n<p>Entworfen in Schweden, Stoff hergestellt in Schweden<\/p>\n<p>Hergestellt in Polen<\/p>\n","protected":false},"excerpt":{"rendered":"<p>Die Matching KID-Jacke ist genau das, wonach es sich anh\u00f6rt: eine passende Jacke, mit der du und dein Kind gleich aussehen.<\/p>\n","protected":false},"featured_media":41783,"comment_status":"closed","ping_status":"closed","template":"","meta":{"_acf_changed":false},"product_brand":[],"product_cat":[1238],"product_tag":[765],"activity":[1144,1070,1136,1152,1256,1128],"class_list":{"0":"post-39029","1":"product","2":"type-product","3":"status-publish","4":"has-post-thumbnail","6":"product_cat-regenjacken-junior-regenkleidung","7":"product_tag-yrkesklader-de","8":"activity-alltag-pendeln","9":"activity-outdoor-arbeit","10":"activity-regenjacken-stall-and-landleben","11":"activity-regenjacken-alltag-and-pendeln","12":"activity-regenjacken-outdoor-arbeit","13":"activity-stall-landleben","15":"first","16":"instock","17":"taxable","18":"shipping-taxable","19":"purchasable","20":"product-type-variable","21":"has-default-attributes","22":"rtwpvg-product","23":"rtwpvs-product"},"acf":[],"shsp-ext":{"main":{},"variations":[]},"yoast_head":"<!-- This site is optimized with the Yoast SEO plugin v27.0 - https:\/\/yoast.com\/product\/yoast-seo-wordpress\/ -->\n<title>Matching KID Jacke | Farmerrain - H\u00e5llbara regnkl\u00e4der<\/title>\n<meta name=\"description\" content=\"Die Matching KID-Jacke ist genau das, wonach es sich anh\u00f6rt: eine passende Jacke, mit der du und dein Kind gleich aussehen.\" \/>\n<meta name=\"robots\" content=\"index, follow, max-snippet:-1, max-image-preview:large, max-video-preview:-1\" \/>\n<link rel=\"canonical\" href=\"https:\/\/farmerrain.vivamedia.dev\/de\/produkt\/matching-kid-jacke\/\" \/>\n<meta property=\"og:locale\" content=\"de_DE\" \/>\n<meta property=\"og:type\" content=\"article\" \/>\n<meta property=\"og:title\" content=\"Matching KID Jacke | Farmerrain - H\u00e5llbara regnkl\u00e4der\" \/>\n<meta property=\"og:description\" content=\"Die Matching KID-Jacke ist genau das, wonach es sich anh\u00f6rt: eine passende Jacke, mit der du und dein Kind gleich aussehen.\" \/>\n<meta property=\"og:url\" content=\"https:\/\/farmerrain.vivamedia.dev\/de\/produkt\/matching-kid-jacke\/\" \/>\n<meta property=\"og:site_name\" content=\"Farmerrain - H\u00e5llbara regnkl\u00e4der\" \/>\n<meta property=\"article:publisher\" content=\"https:\/\/www.facebook.com\/people\/Farmerrain\/100063463901438\/\" \/>\n<meta property=\"article:modified_time\" content=\"2026-03-24T11:57:20+00:00\" \/>\n<meta property=\"og:image\" content=\"https:\/\/farmerrain.vivamedia.dev\/wp-content\/uploads\/2023\/03\/Joy_2-jpg.webp\" \/>\n\t<meta property=\"og:image:width\" content=\"1080\" \/>\n\t<meta property=\"og:image:height\" content=\"1350\" \/>\n\t<meta property=\"og:image:type\" content=\"image\/jpeg\" \/>\n<meta name=\"twitter:card\" content=\"summary_large_image\" \/>\n<meta name=\"twitter:label1\" content=\"Gesch\u00e4tzte Lesezeit\" \/>\n\t<meta name=\"twitter:data1\" content=\"1\u00a0Minute\" \/>\n<script type=\"application\/ld+json\" class=\"yoast-schema-graph\">{\"@context\":\"https:\/\/schema.org\",\"@graph\":[{\"@type\":\"WebPage\",\"@id\":\"https:\/\/farmerrain.vivamedia.dev\/de\/produkt\/matching-kid-jacke\/\",\"url\":\"https:\/\/farmerrain.vivamedia.dev\/de\/produkt\/matching-kid-jacke\/\",\"name\":\"Matching KID Jacke | Farmerrain - H\u00e5llbara regnkl\u00e4der\",\"isPartOf\":{\"@id\":\"https:\/\/farmerrain.vivamedia.dev\/#website\"},\"primaryImageOfPage\":{\"@id\":\"https:\/\/farmerrain.vivamedia.dev\/de\/produkt\/matching-kid-jacke\/#primaryimage\"},\"image\":{\"@id\":\"https:\/\/farmerrain.vivamedia.dev\/de\/produkt\/matching-kid-jacke\/#primaryimage\"},\"thumbnailUrl\":\"https:\/\/farmerrain.vivamedia.dev\/wp-content\/uploads\/2023\/03\/Joy_2-jpg.webp\",\"datePublished\":\"2025-11-27T21:59:54+00:00\",\"dateModified\":\"2026-03-24T11:57:20+00:00\",\"description\":\"Die Matching KID-Jacke ist genau das, wonach es sich anh\u00f6rt: eine passende Jacke, mit der du und dein Kind gleich aussehen.\",\"breadcrumb\":{\"@id\":\"https:\/\/farmerrain.vivamedia.dev\/de\/produkt\/matching-kid-jacke\/#breadcrumb\"},\"inLanguage\":\"de\",\"potentialAction\":[{\"@type\":\"ReadAction\",\"target\":[\"https:\/\/farmerrain.vivamedia.dev\/de\/produkt\/matching-kid-jacke\/\"]}]},{\"@type\":\"ImageObject\",\"inLanguage\":\"de\",\"@id\":\"https:\/\/farmerrain.vivamedia.dev\/de\/produkt\/matching-kid-jacke\/#primaryimage\",\"url\":\"https:\/\/farmerrain.vivamedia.dev\/wp-content\/uploads\/2023\/03\/Joy_2-jpg.webp\",\"contentUrl\":\"https:\/\/farmerrain.vivamedia.dev\/wp-content\/uploads\/2023\/03\/Joy_2-jpg.webp\",\"width\":1080,\"height\":1350},{\"@type\":\"BreadcrumbList\",\"@id\":\"https:\/\/farmerrain.vivamedia.dev\/de\/produkt\/matching-kid-jacke\/#breadcrumb\",\"itemListElement\":[{\"@type\":\"ListItem\",\"position\":1,\"name\":\"Shop\",\"item\":\"https:\/\/farmerrain.vivamedia.dev\/de\/shop-2\/\"},{\"@type\":\"ListItem\",\"position\":2,\"name\":\"Matching KID Jacke\"}]},{\"@type\":\"WebSite\",\"@id\":\"https:\/\/farmerrain.vivamedia.dev\/#website\",\"url\":\"https:\/\/farmerrain.vivamedia.dev\/\",\"name\":\"Farmerrain - H\u00e5llbara regnkl\u00e4der\",\"description\":\"Regnkl\u00e4der med fokus p\u00e5 h\u00e5llbarhet, funktionalitet och unik design.\",\"publisher\":{\"@id\":\"https:\/\/farmerrain.vivamedia.dev\/#organization\"},\"potentialAction\":[{\"@type\":\"SearchAction\",\"target\":{\"@type\":\"EntryPoint\",\"urlTemplate\":\"https:\/\/farmerrain.vivamedia.dev\/?s={search_term_string}\"},\"query-input\":{\"@type\":\"PropertyValueSpecification\",\"valueRequired\":true,\"valueName\":\"search_term_string\"}}],\"inLanguage\":\"de\"},{\"@type\":\"Organization\",\"@id\":\"https:\/\/farmerrain.vivamedia.dev\/#organization\",\"name\":\"Farmerrain\",\"url\":\"https:\/\/farmerrain.vivamedia.dev\/\",\"logo\":{\"@type\":\"ImageObject\",\"inLanguage\":\"de\",\"@id\":\"https:\/\/farmerrain.vivamedia.dev\/#\/schema\/logo\/image\/\",\"url\":\"https:\/\/farmerrain.vivamedia.dev\/wp-content\/uploads\/2023\/03\/fr_logo.png\",\"contentUrl\":\"https:\/\/farmerrain.vivamedia.dev\/wp-content\/uploads\/2023\/03\/fr_logo.png\",\"width\":179,\"height\":23,\"caption\":\"Farmerrain\"},\"image\":{\"@id\":\"https:\/\/farmerrain.vivamedia.dev\/#\/schema\/logo\/image\/\"},\"sameAs\":[\"https:\/\/www.facebook.com\/people\/Farmerrain\/100063463901438\/\"]}]}<\/script>\n<!-- \/ Yoast SEO plugin. -->","yoast_head_json":{"title":"Matching KID Jacke | Farmerrain - H\u00e5llbara regnkl\u00e4der","description":"Die Matching KID-Jacke ist genau das, wonach es sich anh\u00f6rt: eine passende Jacke, mit der du und dein Kind gleich aussehen.","robots":{"index":"index","follow":"follow","max-snippet":"max-snippet:-1","max-image-preview":"max-image-preview:large","max-video-preview":"max-video-preview:-1"},"canonical":"https:\/\/farmerrain.vivamedia.dev\/de\/produkt\/matching-kid-jacke\/","og_locale":"de_DE","og_type":"article","og_title":"Matching KID Jacke | Farmerrain - H\u00e5llbara regnkl\u00e4der","og_description":"Die Matching KID-Jacke ist genau das, wonach es sich anh\u00f6rt: eine passende Jacke, mit der du und dein Kind gleich aussehen.","og_url":"https:\/\/farmerrain.vivamedia.dev\/de\/produkt\/matching-kid-jacke\/","og_site_name":"Farmerrain - H\u00e5llbara regnkl\u00e4der","article_publisher":"https:\/\/www.facebook.com\/people\/Farmerrain\/100063463901438\/","article_modified_time":"2026-03-24T11:57:20+00:00","og_image":[{"width":1080,"height":1350,"url":"https:\/\/farmerrain.vivamedia.dev\/wp-content\/uploads\/2023\/03\/Joy_2-jpg.webp","type":"image\/jpeg"}],"twitter_card":"summary_large_image","twitter_misc":{"Gesch\u00e4tzte Lesezeit":"1\u00a0Minute"},"schema":{"@context":"https:\/\/schema.org","@graph":[{"@type":"WebPage","@id":"https:\/\/farmerrain.vivamedia.dev\/de\/produkt\/matching-kid-jacke\/","url":"https:\/\/farmerrain.vivamedia.dev\/de\/produkt\/matching-kid-jacke\/","name":"Matching KID Jacke | Farmerrain - H\u00e5llbara regnkl\u00e4der","isPartOf":{"@id":"https:\/\/farmerrain.vivamedia.dev\/#website"},"primaryImageOfPage":{"@id":"https:\/\/farmerrain.vivamedia.dev\/de\/produkt\/matching-kid-jacke\/#primaryimage"},"image":{"@id":"https:\/\/farmerrain.vivamedia.dev\/de\/produkt\/matching-kid-jacke\/#primaryimage"},"thumbnailUrl":"https:\/\/farmerrain.vivamedia.dev\/wp-content\/uploads\/2023\/03\/Joy_2-jpg.webp","datePublished":"2025-11-27T21:59:54+00:00","dateModified":"2026-03-24T11:57:20+00:00","description":"Die Matching KID-Jacke ist genau das, wonach es sich anh\u00f6rt: eine passende Jacke, mit der du und dein Kind gleich aussehen.","breadcrumb":{"@id":"https:\/\/farmerrain.vivamedia.dev\/de\/produkt\/matching-kid-jacke\/#breadcrumb"},"inLanguage":"de","potentialAction":[{"@type":"ReadAction","target":["https:\/\/farmerrain.vivamedia.dev\/de\/produkt\/matching-kid-jacke\/"]}]},{"@type":"ImageObject","inLanguage":"de","@id":"https:\/\/farmerrain.vivamedia.dev\/de\/produkt\/matching-kid-jacke\/#primaryimage","url":"https:\/\/farmerrain.vivamedia.dev\/wp-content\/uploads\/2023\/03\/Joy_2-jpg.webp","contentUrl":"https:\/\/farmerrain.vivamedia.dev\/wp-content\/uploads\/2023\/03\/Joy_2-jpg.webp","width":1080,"height":1350},{"@type":"BreadcrumbList","@id":"https:\/\/farmerrain.vivamedia.dev\/de\/produkt\/matching-kid-jacke\/#breadcrumb","itemListElement":[{"@type":"ListItem","position":1,"name":"Shop","item":"https:\/\/farmerrain.vivamedia.dev\/de\/shop-2\/"},{"@type":"ListItem","position":2,"name":"Matching KID Jacke"}]},{"@type":"WebSite","@id":"https:\/\/farmerrain.vivamedia.dev\/#website","url":"https:\/\/farmerrain.vivamedia.dev\/","name":"Farmerrain - H\u00e5llbara regnkl\u00e4der","description":"Regnkl\u00e4der med fokus p\u00e5 h\u00e5llbarhet, funktionalitet och unik design.","publisher":{"@id":"https:\/\/farmerrain.vivamedia.dev\/#organization"},"potentialAction":[{"@type":"SearchAction","target":{"@type":"EntryPoint","urlTemplate":"https:\/\/farmerrain.vivamedia.dev\/?s={search_term_string}"},"query-input":{"@type":"PropertyValueSpecification","valueRequired":true,"valueName":"search_term_string"}}],"inLanguage":"de"},{"@type":"Organization","@id":"https:\/\/farmerrain.vivamedia.dev\/#organization","name":"Farmerrain","url":"https:\/\/farmerrain.vivamedia.dev\/","logo":{"@type":"ImageObject","inLanguage":"de","@id":"https:\/\/farmerrain.vivamedia.dev\/#\/schema\/logo\/image\/","url":"https:\/\/farmerrain.vivamedia.dev\/wp-content\/uploads\/2023\/03\/fr_logo.png","contentUrl":"https:\/\/farmerrain.vivamedia.dev\/wp-content\/uploads\/2023\/03\/fr_logo.png","width":179,"height":23,"caption":"Farmerrain"},"image":{"@id":"https:\/\/farmerrain.vivamedia.dev\/#\/schema\/logo\/image\/"},"sameAs":["https:\/\/www.facebook.com\/people\/Farmerrain\/100063463901438\/"]}]}},"_links":{"self":[{"href":"https:\/\/farmerrain.vivamedia.dev\/de\/wp-json\/wp\/v2\/product\/39029","targetHints":{"allow":["GET"]}}],"collection":[{"href":"https:\/\/farmerrain.vivamedia.dev\/de\/wp-json\/wp\/v2\/product"}],"about":[{"href":"https:\/\/farmerrain.vivamedia.dev\/de\/wp-json\/wp\/v2\/types\/product"}],"replies":[{"embeddable":true,"href":"https:\/\/farmerrain.vivamedia.dev\/de\/wp-json\/wp\/v2\/comments?post=39029"}],"wp:featuredmedia":[{"embeddable":true,"href":"https:\/\/farmerrain.vivamedia.dev\/de\/wp-json\/wp\/v2\/media\/41783"}],"wp:attachment":[{"href":"https:\/\/farmerrain.vivamedia.dev\/de\/wp-json\/wp\/v2\/media?parent=39029"}],"wp:term":[{"taxonomy":"product_brand","embeddable":true,"href":"https:\/\/farmerrain.vivamedia.dev\/de\/wp-json\/wp\/v2\/product_brand?post=39029"},{"taxonomy":"product_cat","embeddable":true,"href":"https:\/\/farmerrain.vivamedia.dev\/de\/wp-json\/wp\/v2\/product_cat?post=39029"},{"taxonomy":"product_tag","embeddable":true,"href":"https:\/\/farmerrain.vivamedia.dev\/de\/wp-json\/wp\/v2\/product_tag?post=39029"},{"taxonomy":"activity","embeddable":true,"href":"https:\/\/farmerrain.vivamedia.dev\/de\/wp-json\/wp\/v2\/activity?post=39029"}],"curies":[{"name":"wp","href":"https:\/\/api.w.org\/{rel}","templated":true}]}}