{"id":39173,"date":"2025-11-27T22:59:38","date_gmt":"2025-11-27T21:59:38","guid":{"rendered":"https:\/\/farmerrain.vivamedia.dev\/product\/kid-suedwester\/"},"modified":"2026-03-25T14:10:16","modified_gmt":"2026-03-25T13:10:16","slug":"kid-suedwester","status":"publish","type":"product","link":"https:\/\/farmerrain.vivamedia.dev\/de\/produkt\/kid-suedwester\/","title":{"rendered":"KID S\u00fcdwester"},"content":{"rendered":"<p>S\u00fcdwester mit Ohrenklappen und Kordelzug zur Anpassung.<\/p>\n<p>MATERIAL<\/p>\n<p>Biovinyl-Stoff 430 g\/m\u00b2. \u00d6lbest\u00e4ndig, Wassers\u00e4ule &gt; 20000mm.<\/p>\n<p>Verschwei\u00dfte N\u00e4hte.<\/p>\n","protected":false},"excerpt":{"rendered":"<p>S\u00fcdwester mit Ohrenklappen und Kordelzug zur Anpassung.<\/p>\n","protected":false},"featured_media":49312,"comment_status":"closed","ping_status":"closed","template":"","meta":{"_acf_changed":false},"product_brand":[],"product_cat":[181,1286,1297,1242],"product_tag":[561,765],"activity":[1144,1095,1070,1128,1107,1140,1082,1156],"class_list":{"0":"post-39173","1":"product","2":"type-product","3":"status-publish","4":"has-post-thumbnail","6":"product_cat-junior-regenkleidung","7":"product_cat-regenbekleidung","8":"product_cat-regenbekleidung-suedwester","9":"product_cat-sudwester-junior-regenkleidung","10":"product_tag-mode-de","11":"product_tag-yrkesklader-de","12":"activity-alltag-pendeln","13":"activity-outdoor-natur","14":"activity-outdoor-arbeit","15":"activity-stall-landleben","16":"activity-sudwester-outdoor-and-natur","17":"activity-sudwester-stall-and-landleben","18":"activity-sudwester-outdoor-arbeit","19":"activity-sudwester-alltag-and-pendeln","21":"first","22":"instock","23":"taxable","24":"shipping-taxable","25":"purchasable","26":"product-type-variable","27":"has-default-attributes","28":"rtwpvg-product","29":"rtwpvs-product"},"acf":[],"shsp-ext":{"main":{},"variations":[]},"yoast_head":"<!-- This site is optimized with the Yoast SEO plugin v27.0 - https:\/\/yoast.com\/product\/yoast-seo-wordpress\/ -->\n<title>KID S\u00fcdwester | Farmerrain - H\u00e5llbara regnkl\u00e4der<\/title>\n<meta name=\"description\" content=\"S\u00fcdwester mit Ohrenklappen und Kordelzug zur Anpassung.\" \/>\n<meta name=\"robots\" content=\"index, follow, max-snippet:-1, max-image-preview:large, max-video-preview:-1\" \/>\n<link rel=\"canonical\" href=\"https:\/\/farmerrain.vivamedia.dev\/de\/produkt\/kid-suedwester\/\" \/>\n<meta property=\"og:locale\" content=\"de_DE\" \/>\n<meta property=\"og:type\" content=\"article\" \/>\n<meta property=\"og:title\" content=\"KID S\u00fcdwester | Farmerrain - H\u00e5llbara regnkl\u00e4der\" \/>\n<meta property=\"og:description\" content=\"S\u00fcdwester mit Ohrenklappen und Kordelzug zur Anpassung.\" \/>\n<meta property=\"og:url\" content=\"https:\/\/farmerrain.vivamedia.dev\/de\/produkt\/kid-suedwester\/\" \/>\n<meta property=\"og:site_name\" content=\"Farmerrain - H\u00e5llbara regnkl\u00e4der\" \/>\n<meta property=\"article:publisher\" content=\"https:\/\/www.facebook.com\/people\/Farmerrain\/100063463901438\/\" \/>\n<meta property=\"article:modified_time\" content=\"2026-03-25T13:10:16+00:00\" \/>\n<meta property=\"og:image\" content=\"https:\/\/farmerrain.vivamedia.dev\/wp-content\/uploads\/2022\/09\/Jekaterina-171.jpg\" \/>\n\t<meta property=\"og:image:width\" content=\"1080\" \/>\n\t<meta property=\"og:image:height\" content=\"1350\" \/>\n\t<meta property=\"og:image:type\" content=\"image\/jpeg\" \/>\n<meta name=\"twitter:card\" content=\"summary_large_image\" \/>\n<meta name=\"twitter:label1\" content=\"Gesch\u00e4tzte Lesezeit\" \/>\n\t<meta name=\"twitter:data1\" content=\"1\u00a0Minute\" \/>\n<script type=\"application\/ld+json\" class=\"yoast-schema-graph\">{\"@context\":\"https:\/\/schema.org\",\"@graph\":[{\"@type\":\"WebPage\",\"@id\":\"https:\/\/farmerrain.vivamedia.dev\/de\/produkt\/kid-suedwester\/\",\"url\":\"https:\/\/farmerrain.vivamedia.dev\/de\/produkt\/kid-suedwester\/\",\"name\":\"KID S\u00fcdwester | Farmerrain - H\u00e5llbara regnkl\u00e4der\",\"isPartOf\":{\"@id\":\"https:\/\/farmerrain.vivamedia.dev\/#website\"},\"primaryImageOfPage\":{\"@id\":\"https:\/\/farmerrain.vivamedia.dev\/de\/produkt\/kid-suedwester\/#primaryimage\"},\"image\":{\"@id\":\"https:\/\/farmerrain.vivamedia.dev\/de\/produkt\/kid-suedwester\/#primaryimage\"},\"thumbnailUrl\":\"https:\/\/farmerrain.vivamedia.dev\/wp-content\/uploads\/2022\/09\/Jekaterina-171.jpg\",\"datePublished\":\"2025-11-27T21:59:38+00:00\",\"dateModified\":\"2026-03-25T13:10:16+00:00\",\"description\":\"S\u00fcdwester mit Ohrenklappen und Kordelzug zur Anpassung.\",\"breadcrumb\":{\"@id\":\"https:\/\/farmerrain.vivamedia.dev\/de\/produkt\/kid-suedwester\/#breadcrumb\"},\"inLanguage\":\"de\",\"potentialAction\":[{\"@type\":\"ReadAction\",\"target\":[\"https:\/\/farmerrain.vivamedia.dev\/de\/produkt\/kid-suedwester\/\"]}]},{\"@type\":\"ImageObject\",\"inLanguage\":\"de\",\"@id\":\"https:\/\/farmerrain.vivamedia.dev\/de\/produkt\/kid-suedwester\/#primaryimage\",\"url\":\"https:\/\/farmerrain.vivamedia.dev\/wp-content\/uploads\/2022\/09\/Jekaterina-171.jpg\",\"contentUrl\":\"https:\/\/farmerrain.vivamedia.dev\/wp-content\/uploads\/2022\/09\/Jekaterina-171.jpg\",\"width\":1080,\"height\":1350},{\"@type\":\"BreadcrumbList\",\"@id\":\"https:\/\/farmerrain.vivamedia.dev\/de\/produkt\/kid-suedwester\/#breadcrumb\",\"itemListElement\":[{\"@type\":\"ListItem\",\"position\":1,\"name\":\"Shop\",\"item\":\"https:\/\/farmerrain.vivamedia.dev\/de\/shop-2\/\"},{\"@type\":\"ListItem\",\"position\":2,\"name\":\"KID S\u00fcdwester\"}]},{\"@type\":\"WebSite\",\"@id\":\"https:\/\/farmerrain.vivamedia.dev\/#website\",\"url\":\"https:\/\/farmerrain.vivamedia.dev\/\",\"name\":\"Farmerrain - H\u00e5llbara regnkl\u00e4der\",\"description\":\"Regnkl\u00e4der med fokus p\u00e5 h\u00e5llbarhet, funktionalitet och unik design.\",\"publisher\":{\"@id\":\"https:\/\/farmerrain.vivamedia.dev\/#organization\"},\"potentialAction\":[{\"@type\":\"SearchAction\",\"target\":{\"@type\":\"EntryPoint\",\"urlTemplate\":\"https:\/\/farmerrain.vivamedia.dev\/?s={search_term_string}\"},\"query-input\":{\"@type\":\"PropertyValueSpecification\",\"valueRequired\":true,\"valueName\":\"search_term_string\"}}],\"inLanguage\":\"de\"},{\"@type\":\"Organization\",\"@id\":\"https:\/\/farmerrain.vivamedia.dev\/#organization\",\"name\":\"Farmerrain\",\"url\":\"https:\/\/farmerrain.vivamedia.dev\/\",\"logo\":{\"@type\":\"ImageObject\",\"inLanguage\":\"de\",\"@id\":\"https:\/\/farmerrain.vivamedia.dev\/#\/schema\/logo\/image\/\",\"url\":\"https:\/\/farmerrain.vivamedia.dev\/wp-content\/uploads\/2023\/03\/fr_logo.png\",\"contentUrl\":\"https:\/\/farmerrain.vivamedia.dev\/wp-content\/uploads\/2023\/03\/fr_logo.png\",\"width\":179,\"height\":23,\"caption\":\"Farmerrain\"},\"image\":{\"@id\":\"https:\/\/farmerrain.vivamedia.dev\/#\/schema\/logo\/image\/\"},\"sameAs\":[\"https:\/\/www.facebook.com\/people\/Farmerrain\/100063463901438\/\"]}]}<\/script>\n<!-- \/ Yoast SEO plugin. -->","yoast_head_json":{"title":"KID S\u00fcdwester | Farmerrain - H\u00e5llbara regnkl\u00e4der","description":"S\u00fcdwester mit Ohrenklappen und Kordelzug zur Anpassung.","robots":{"index":"index","follow":"follow","max-snippet":"max-snippet:-1","max-image-preview":"max-image-preview:large","max-video-preview":"max-video-preview:-1"},"canonical":"https:\/\/farmerrain.vivamedia.dev\/de\/produkt\/kid-suedwester\/","og_locale":"de_DE","og_type":"article","og_title":"KID S\u00fcdwester | Farmerrain - H\u00e5llbara regnkl\u00e4der","og_description":"S\u00fcdwester mit Ohrenklappen und Kordelzug zur Anpassung.","og_url":"https:\/\/farmerrain.vivamedia.dev\/de\/produkt\/kid-suedwester\/","og_site_name":"Farmerrain - H\u00e5llbara regnkl\u00e4der","article_publisher":"https:\/\/www.facebook.com\/people\/Farmerrain\/100063463901438\/","article_modified_time":"2026-03-25T13:10:16+00:00","og_image":[{"width":1080,"height":1350,"url":"https:\/\/farmerrain.vivamedia.dev\/wp-content\/uploads\/2022\/09\/Jekaterina-171.jpg","type":"image\/jpeg"}],"twitter_card":"summary_large_image","twitter_misc":{"Gesch\u00e4tzte Lesezeit":"1\u00a0Minute"},"schema":{"@context":"https:\/\/schema.org","@graph":[{"@type":"WebPage","@id":"https:\/\/farmerrain.vivamedia.dev\/de\/produkt\/kid-suedwester\/","url":"https:\/\/farmerrain.vivamedia.dev\/de\/produkt\/kid-suedwester\/","name":"KID S\u00fcdwester | Farmerrain - H\u00e5llbara regnkl\u00e4der","isPartOf":{"@id":"https:\/\/farmerrain.vivamedia.dev\/#website"},"primaryImageOfPage":{"@id":"https:\/\/farmerrain.vivamedia.dev\/de\/produkt\/kid-suedwester\/#primaryimage"},"image":{"@id":"https:\/\/farmerrain.vivamedia.dev\/de\/produkt\/kid-suedwester\/#primaryimage"},"thumbnailUrl":"https:\/\/farmerrain.vivamedia.dev\/wp-content\/uploads\/2022\/09\/Jekaterina-171.jpg","datePublished":"2025-11-27T21:59:38+00:00","dateModified":"2026-03-25T13:10:16+00:00","description":"S\u00fcdwester mit Ohrenklappen und Kordelzug zur Anpassung.","breadcrumb":{"@id":"https:\/\/farmerrain.vivamedia.dev\/de\/produkt\/kid-suedwester\/#breadcrumb"},"inLanguage":"de","potentialAction":[{"@type":"ReadAction","target":["https:\/\/farmerrain.vivamedia.dev\/de\/produkt\/kid-suedwester\/"]}]},{"@type":"ImageObject","inLanguage":"de","@id":"https:\/\/farmerrain.vivamedia.dev\/de\/produkt\/kid-suedwester\/#primaryimage","url":"https:\/\/farmerrain.vivamedia.dev\/wp-content\/uploads\/2022\/09\/Jekaterina-171.jpg","contentUrl":"https:\/\/farmerrain.vivamedia.dev\/wp-content\/uploads\/2022\/09\/Jekaterina-171.jpg","width":1080,"height":1350},{"@type":"BreadcrumbList","@id":"https:\/\/farmerrain.vivamedia.dev\/de\/produkt\/kid-suedwester\/#breadcrumb","itemListElement":[{"@type":"ListItem","position":1,"name":"Shop","item":"https:\/\/farmerrain.vivamedia.dev\/de\/shop-2\/"},{"@type":"ListItem","position":2,"name":"KID S\u00fcdwester"}]},{"@type":"WebSite","@id":"https:\/\/farmerrain.vivamedia.dev\/#website","url":"https:\/\/farmerrain.vivamedia.dev\/","name":"Farmerrain - H\u00e5llbara regnkl\u00e4der","description":"Regnkl\u00e4der med fokus p\u00e5 h\u00e5llbarhet, funktionalitet och unik design.","publisher":{"@id":"https:\/\/farmerrain.vivamedia.dev\/#organization"},"potentialAction":[{"@type":"SearchAction","target":{"@type":"EntryPoint","urlTemplate":"https:\/\/farmerrain.vivamedia.dev\/?s={search_term_string}"},"query-input":{"@type":"PropertyValueSpecification","valueRequired":true,"valueName":"search_term_string"}}],"inLanguage":"de"},{"@type":"Organization","@id":"https:\/\/farmerrain.vivamedia.dev\/#organization","name":"Farmerrain","url":"https:\/\/farmerrain.vivamedia.dev\/","logo":{"@type":"ImageObject","inLanguage":"de","@id":"https:\/\/farmerrain.vivamedia.dev\/#\/schema\/logo\/image\/","url":"https:\/\/farmerrain.vivamedia.dev\/wp-content\/uploads\/2023\/03\/fr_logo.png","contentUrl":"https:\/\/farmerrain.vivamedia.dev\/wp-content\/uploads\/2023\/03\/fr_logo.png","width":179,"height":23,"caption":"Farmerrain"},"image":{"@id":"https:\/\/farmerrain.vivamedia.dev\/#\/schema\/logo\/image\/"},"sameAs":["https:\/\/www.facebook.com\/people\/Farmerrain\/100063463901438\/"]}]}},"_links":{"self":[{"href":"https:\/\/farmerrain.vivamedia.dev\/de\/wp-json\/wp\/v2\/product\/39173","targetHints":{"allow":["GET"]}}],"collection":[{"href":"https:\/\/farmerrain.vivamedia.dev\/de\/wp-json\/wp\/v2\/product"}],"about":[{"href":"https:\/\/farmerrain.vivamedia.dev\/de\/wp-json\/wp\/v2\/types\/product"}],"replies":[{"embeddable":true,"href":"https:\/\/farmerrain.vivamedia.dev\/de\/wp-json\/wp\/v2\/comments?post=39173"}],"wp:featuredmedia":[{"embeddable":true,"href":"https:\/\/farmerrain.vivamedia.dev\/de\/wp-json\/wp\/v2\/media\/49312"}],"wp:attachment":[{"href":"https:\/\/farmerrain.vivamedia.dev\/de\/wp-json\/wp\/v2\/media?parent=39173"}],"wp:term":[{"taxonomy":"product_brand","embeddable":true,"href":"https:\/\/farmerrain.vivamedia.dev\/de\/wp-json\/wp\/v2\/product_brand?post=39173"},{"taxonomy":"product_cat","embeddable":true,"href":"https:\/\/farmerrain.vivamedia.dev\/de\/wp-json\/wp\/v2\/product_cat?post=39173"},{"taxonomy":"product_tag","embeddable":true,"href":"https:\/\/farmerrain.vivamedia.dev\/de\/wp-json\/wp\/v2\/product_tag?post=39173"},{"taxonomy":"activity","embeddable":true,"href":"https:\/\/farmerrain.vivamedia.dev\/de\/wp-json\/wp\/v2\/activity?post=39173"}],"curies":[{"name":"wp","href":"https:\/\/api.w.org\/{rel}","templated":true}]}}