{"id":68474,"date":"2025-01-27T22:05:22","date_gmt":"2025-01-27T21:05:22","guid":{"rendered":"https:\/\/farmerrain.vivamedia.dev\/?post_type=product&#038;p=68474"},"modified":"2026-03-25T14:26:39","modified_gmt":"2026-03-25T13:26:39","slug":"segeljacke-3","status":"publish","type":"product","link":"https:\/\/farmerrain.vivamedia.dev\/de\/produkt\/segeljacke-3\/","title":{"rendered":"Segeljacke Bio+"},"content":{"rendered":"<p>Eine klassische Segeljacke in gerader Unisex-Ausf\u00fchrung.<\/p>\n<p>Doppelknopfleiste mit Sperrfunktion, die die Feuchtigkeit abh\u00e4lt.<\/p>\n<p>Raglan\u00e4rmel f\u00fcr beste Beweglichkeit und mit elastischen B\u00fcndchen. Die Schildkapuze ist mit einem Kordelzug verstellbar und mit Manchester-Stoff ges\u00e4umt.<\/p>\n<p>Zwei gro\u00dfe Taschen mit Klappen vorne.<\/p>\n<p>Kordelzug unten zur individuellen Anpassung.<\/p>\n<p>Verschwei\u00dfte N\u00e4hte.<\/p>\n<p>MATERIAL<br \/>\nBio+vinyl-Stoff 430 g\/m\u00b2.<\/p>\n<p>k\u00e4ltebest\u00e4ndig, Wassers\u00e4ule &gt; 20000.<\/p>\n","protected":false},"excerpt":{"rendered":"<p>Eine klassische Segeljacke in gerader Unisex-Ausf\u00fchrung. Doppelknopfleiste mit Sperrfunktion, die die Feuchtigkeit abh\u00e4lt. Raglan\u00e4rmel f\u00fcr beste Beweglichkeit und mit elastischen B\u00fcndchen. Die Schildkapuze ist mit einem Kordelzug verstellbar und mit Manchester-Stoff ges\u00e4umt. Zwei gro\u00dfe Taschen mit Klappen vorne. Kordelzug unten zur individuellen Anpassung. Verschwei\u00dfte N\u00e4hte. MATERIAL Bio+vinyl-Stoff 430 g\/m\u00b2. k\u00e4ltebest\u00e4ndig, Wassers\u00e4ule &gt; 20000.<\/p>\n","protected":false},"featured_media":68456,"comment_status":"open","ping_status":"closed","template":"","meta":{"_acf_changed":false},"product_brand":[],"product_cat":[1286,1294],"product_tag":[765],"activity":[1095,1070,1103,1136,1256,1128],"class_list":{"0":"post-68474","1":"product","2":"type-product","3":"status-publish","4":"has-post-thumbnail","6":"product_cat-regenbekleidung","7":"product_cat-regenbekleidung-regenjacken","8":"product_tag-yrkesklader-de","9":"activity-outdoor-natur","10":"activity-outdoor-arbeit","11":"activity-regenjacken-outdoor-and-natur","12":"activity-regenjacken-stall-and-landleben","13":"activity-regenjacken-outdoor-arbeit","14":"activity-stall-landleben","16":"first","17":"instock","18":"taxable","19":"shipping-taxable","20":"purchasable","21":"product-type-variable","22":"has-default-attributes","23":"rtwpvg-product","24":"rtwpvs-product"},"acf":[],"shsp-ext":{"main":{},"variations":[]},"yoast_head":"<!-- This site is optimized with the Yoast SEO plugin v27.0 - https:\/\/yoast.com\/product\/yoast-seo-wordpress\/ -->\n<title>Segeljacke Bio+ | Farmerrain - H\u00e5llbara regnkl\u00e4der<\/title>\n<meta name=\"description\" content=\"Eine klassische Segeljacke in gerader Unisex-Ausf\u00fchrung. Doppelknopfleiste mit Sperrfunktion, die die Feuchtigkeit abh\u00e4lt. Raglan\u00e4rmel f\u00fcr beste\" \/>\n<meta name=\"robots\" content=\"index, follow, max-snippet:-1, max-image-preview:large, max-video-preview:-1\" \/>\n<link rel=\"canonical\" href=\"https:\/\/farmerrain.vivamedia.dev\/de\/produkt\/segeljacke-3\/\" \/>\n<meta property=\"og:locale\" content=\"de_DE\" \/>\n<meta property=\"og:type\" content=\"article\" \/>\n<meta property=\"og:title\" content=\"Segeljacke Bio+ | Farmerrain - H\u00e5llbara regnkl\u00e4der\" \/>\n<meta property=\"og:description\" content=\"Eine klassische Segeljacke in gerader Unisex-Ausf\u00fchrung. Doppelknopfleiste mit Sperrfunktion, die die Feuchtigkeit abh\u00e4lt. Raglan\u00e4rmel f\u00fcr beste\" \/>\n<meta property=\"og:url\" content=\"https:\/\/farmerrain.vivamedia.dev\/de\/produkt\/segeljacke-3\/\" \/>\n<meta property=\"og:site_name\" content=\"Farmerrain - H\u00e5llbara regnkl\u00e4der\" \/>\n<meta property=\"article:publisher\" content=\"https:\/\/www.facebook.com\/people\/Farmerrain\/100063463901438\/\" \/>\n<meta property=\"article:modified_time\" content=\"2026-03-25T13:26:39+00:00\" \/>\n<meta property=\"og:image\" content=\"https:\/\/farmerrain.vivamedia.dev\/wp-content\/uploads\/2025\/01\/Wilma-48.jpg\" \/>\n\t<meta property=\"og:image:width\" content=\"1080\" \/>\n\t<meta property=\"og:image:height\" content=\"1350\" \/>\n\t<meta property=\"og:image:type\" content=\"image\/jpeg\" \/>\n<meta name=\"twitter:card\" content=\"summary_large_image\" \/>\n<meta name=\"twitter:label1\" content=\"Gesch\u00e4tzte Lesezeit\" \/>\n\t<meta name=\"twitter:data1\" content=\"1\u00a0Minute\" \/>\n<script type=\"application\/ld+json\" class=\"yoast-schema-graph\">{\"@context\":\"https:\/\/schema.org\",\"@graph\":[{\"@type\":\"WebPage\",\"@id\":\"https:\/\/farmerrain.vivamedia.dev\/de\/produkt\/segeljacke-3\/\",\"url\":\"https:\/\/farmerrain.vivamedia.dev\/de\/produkt\/segeljacke-3\/\",\"name\":\"Segeljacke Bio+ | Farmerrain - H\u00e5llbara regnkl\u00e4der\",\"isPartOf\":{\"@id\":\"https:\/\/farmerrain.vivamedia.dev\/#website\"},\"primaryImageOfPage\":{\"@id\":\"https:\/\/farmerrain.vivamedia.dev\/de\/produkt\/segeljacke-3\/#primaryimage\"},\"image\":{\"@id\":\"https:\/\/farmerrain.vivamedia.dev\/de\/produkt\/segeljacke-3\/#primaryimage\"},\"thumbnailUrl\":\"https:\/\/farmerrain.vivamedia.dev\/wp-content\/uploads\/2025\/01\/Wilma-48.jpg\",\"datePublished\":\"2025-01-27T21:05:22+00:00\",\"dateModified\":\"2026-03-25T13:26:39+00:00\",\"description\":\"Eine klassische Segeljacke in gerader Unisex-Ausf\u00fchrung. Doppelknopfleiste mit Sperrfunktion, die die Feuchtigkeit abh\u00e4lt. Raglan\u00e4rmel f\u00fcr beste\",\"breadcrumb\":{\"@id\":\"https:\/\/farmerrain.vivamedia.dev\/de\/produkt\/segeljacke-3\/#breadcrumb\"},\"inLanguage\":\"de\",\"potentialAction\":[{\"@type\":\"ReadAction\",\"target\":[\"https:\/\/farmerrain.vivamedia.dev\/de\/produkt\/segeljacke-3\/\"]}]},{\"@type\":\"ImageObject\",\"inLanguage\":\"de\",\"@id\":\"https:\/\/farmerrain.vivamedia.dev\/de\/produkt\/segeljacke-3\/#primaryimage\",\"url\":\"https:\/\/farmerrain.vivamedia.dev\/wp-content\/uploads\/2025\/01\/Wilma-48.jpg\",\"contentUrl\":\"https:\/\/farmerrain.vivamedia.dev\/wp-content\/uploads\/2025\/01\/Wilma-48.jpg\",\"width\":1080,\"height\":1350},{\"@type\":\"BreadcrumbList\",\"@id\":\"https:\/\/farmerrain.vivamedia.dev\/de\/produkt\/segeljacke-3\/#breadcrumb\",\"itemListElement\":[{\"@type\":\"ListItem\",\"position\":1,\"name\":\"Shop\",\"item\":\"https:\/\/farmerrain.vivamedia.dev\/de\/shop-2\/\"},{\"@type\":\"ListItem\",\"position\":2,\"name\":\"Segeljacke Bio+\"}]},{\"@type\":\"WebSite\",\"@id\":\"https:\/\/farmerrain.vivamedia.dev\/#website\",\"url\":\"https:\/\/farmerrain.vivamedia.dev\/\",\"name\":\"Farmerrain - H\u00e5llbara regnkl\u00e4der\",\"description\":\"Regnkl\u00e4der med fokus p\u00e5 h\u00e5llbarhet, funktionalitet och unik design.\",\"publisher\":{\"@id\":\"https:\/\/farmerrain.vivamedia.dev\/#organization\"},\"potentialAction\":[{\"@type\":\"SearchAction\",\"target\":{\"@type\":\"EntryPoint\",\"urlTemplate\":\"https:\/\/farmerrain.vivamedia.dev\/?s={search_term_string}\"},\"query-input\":{\"@type\":\"PropertyValueSpecification\",\"valueRequired\":true,\"valueName\":\"search_term_string\"}}],\"inLanguage\":\"de\"},{\"@type\":\"Organization\",\"@id\":\"https:\/\/farmerrain.vivamedia.dev\/#organization\",\"name\":\"Farmerrain\",\"url\":\"https:\/\/farmerrain.vivamedia.dev\/\",\"logo\":{\"@type\":\"ImageObject\",\"inLanguage\":\"de\",\"@id\":\"https:\/\/farmerrain.vivamedia.dev\/#\/schema\/logo\/image\/\",\"url\":\"https:\/\/farmerrain.vivamedia.dev\/wp-content\/uploads\/2023\/03\/fr_logo.png\",\"contentUrl\":\"https:\/\/farmerrain.vivamedia.dev\/wp-content\/uploads\/2023\/03\/fr_logo.png\",\"width\":179,\"height\":23,\"caption\":\"Farmerrain\"},\"image\":{\"@id\":\"https:\/\/farmerrain.vivamedia.dev\/#\/schema\/logo\/image\/\"},\"sameAs\":[\"https:\/\/www.facebook.com\/people\/Farmerrain\/100063463901438\/\"]}]}<\/script>\n<!-- \/ Yoast SEO plugin. -->","yoast_head_json":{"title":"Segeljacke Bio+ | Farmerrain - H\u00e5llbara regnkl\u00e4der","description":"Eine klassische Segeljacke in gerader Unisex-Ausf\u00fchrung. Doppelknopfleiste mit Sperrfunktion, die die Feuchtigkeit abh\u00e4lt. Raglan\u00e4rmel f\u00fcr beste","robots":{"index":"index","follow":"follow","max-snippet":"max-snippet:-1","max-image-preview":"max-image-preview:large","max-video-preview":"max-video-preview:-1"},"canonical":"https:\/\/farmerrain.vivamedia.dev\/de\/produkt\/segeljacke-3\/","og_locale":"de_DE","og_type":"article","og_title":"Segeljacke Bio+ | Farmerrain - H\u00e5llbara regnkl\u00e4der","og_description":"Eine klassische Segeljacke in gerader Unisex-Ausf\u00fchrung. Doppelknopfleiste mit Sperrfunktion, die die Feuchtigkeit abh\u00e4lt. Raglan\u00e4rmel f\u00fcr beste","og_url":"https:\/\/farmerrain.vivamedia.dev\/de\/produkt\/segeljacke-3\/","og_site_name":"Farmerrain - H\u00e5llbara regnkl\u00e4der","article_publisher":"https:\/\/www.facebook.com\/people\/Farmerrain\/100063463901438\/","article_modified_time":"2026-03-25T13:26:39+00:00","og_image":[{"width":1080,"height":1350,"url":"https:\/\/farmerrain.vivamedia.dev\/wp-content\/uploads\/2025\/01\/Wilma-48.jpg","type":"image\/jpeg"}],"twitter_card":"summary_large_image","twitter_misc":{"Gesch\u00e4tzte Lesezeit":"1\u00a0Minute"},"schema":{"@context":"https:\/\/schema.org","@graph":[{"@type":"WebPage","@id":"https:\/\/farmerrain.vivamedia.dev\/de\/produkt\/segeljacke-3\/","url":"https:\/\/farmerrain.vivamedia.dev\/de\/produkt\/segeljacke-3\/","name":"Segeljacke Bio+ | Farmerrain - H\u00e5llbara regnkl\u00e4der","isPartOf":{"@id":"https:\/\/farmerrain.vivamedia.dev\/#website"},"primaryImageOfPage":{"@id":"https:\/\/farmerrain.vivamedia.dev\/de\/produkt\/segeljacke-3\/#primaryimage"},"image":{"@id":"https:\/\/farmerrain.vivamedia.dev\/de\/produkt\/segeljacke-3\/#primaryimage"},"thumbnailUrl":"https:\/\/farmerrain.vivamedia.dev\/wp-content\/uploads\/2025\/01\/Wilma-48.jpg","datePublished":"2025-01-27T21:05:22+00:00","dateModified":"2026-03-25T13:26:39+00:00","description":"Eine klassische Segeljacke in gerader Unisex-Ausf\u00fchrung. Doppelknopfleiste mit Sperrfunktion, die die Feuchtigkeit abh\u00e4lt. Raglan\u00e4rmel f\u00fcr beste","breadcrumb":{"@id":"https:\/\/farmerrain.vivamedia.dev\/de\/produkt\/segeljacke-3\/#breadcrumb"},"inLanguage":"de","potentialAction":[{"@type":"ReadAction","target":["https:\/\/farmerrain.vivamedia.dev\/de\/produkt\/segeljacke-3\/"]}]},{"@type":"ImageObject","inLanguage":"de","@id":"https:\/\/farmerrain.vivamedia.dev\/de\/produkt\/segeljacke-3\/#primaryimage","url":"https:\/\/farmerrain.vivamedia.dev\/wp-content\/uploads\/2025\/01\/Wilma-48.jpg","contentUrl":"https:\/\/farmerrain.vivamedia.dev\/wp-content\/uploads\/2025\/01\/Wilma-48.jpg","width":1080,"height":1350},{"@type":"BreadcrumbList","@id":"https:\/\/farmerrain.vivamedia.dev\/de\/produkt\/segeljacke-3\/#breadcrumb","itemListElement":[{"@type":"ListItem","position":1,"name":"Shop","item":"https:\/\/farmerrain.vivamedia.dev\/de\/shop-2\/"},{"@type":"ListItem","position":2,"name":"Segeljacke Bio+"}]},{"@type":"WebSite","@id":"https:\/\/farmerrain.vivamedia.dev\/#website","url":"https:\/\/farmerrain.vivamedia.dev\/","name":"Farmerrain - H\u00e5llbara regnkl\u00e4der","description":"Regnkl\u00e4der med fokus p\u00e5 h\u00e5llbarhet, funktionalitet och unik design.","publisher":{"@id":"https:\/\/farmerrain.vivamedia.dev\/#organization"},"potentialAction":[{"@type":"SearchAction","target":{"@type":"EntryPoint","urlTemplate":"https:\/\/farmerrain.vivamedia.dev\/?s={search_term_string}"},"query-input":{"@type":"PropertyValueSpecification","valueRequired":true,"valueName":"search_term_string"}}],"inLanguage":"de"},{"@type":"Organization","@id":"https:\/\/farmerrain.vivamedia.dev\/#organization","name":"Farmerrain","url":"https:\/\/farmerrain.vivamedia.dev\/","logo":{"@type":"ImageObject","inLanguage":"de","@id":"https:\/\/farmerrain.vivamedia.dev\/#\/schema\/logo\/image\/","url":"https:\/\/farmerrain.vivamedia.dev\/wp-content\/uploads\/2023\/03\/fr_logo.png","contentUrl":"https:\/\/farmerrain.vivamedia.dev\/wp-content\/uploads\/2023\/03\/fr_logo.png","width":179,"height":23,"caption":"Farmerrain"},"image":{"@id":"https:\/\/farmerrain.vivamedia.dev\/#\/schema\/logo\/image\/"},"sameAs":["https:\/\/www.facebook.com\/people\/Farmerrain\/100063463901438\/"]}]}},"_links":{"self":[{"href":"https:\/\/farmerrain.vivamedia.dev\/de\/wp-json\/wp\/v2\/product\/68474","targetHints":{"allow":["GET"]}}],"collection":[{"href":"https:\/\/farmerrain.vivamedia.dev\/de\/wp-json\/wp\/v2\/product"}],"about":[{"href":"https:\/\/farmerrain.vivamedia.dev\/de\/wp-json\/wp\/v2\/types\/product"}],"replies":[{"embeddable":true,"href":"https:\/\/farmerrain.vivamedia.dev\/de\/wp-json\/wp\/v2\/comments?post=68474"}],"wp:featuredmedia":[{"embeddable":true,"href":"https:\/\/farmerrain.vivamedia.dev\/de\/wp-json\/wp\/v2\/media\/68456"}],"wp:attachment":[{"href":"https:\/\/farmerrain.vivamedia.dev\/de\/wp-json\/wp\/v2\/media?parent=68474"}],"wp:term":[{"taxonomy":"product_brand","embeddable":true,"href":"https:\/\/farmerrain.vivamedia.dev\/de\/wp-json\/wp\/v2\/product_brand?post=68474"},{"taxonomy":"product_cat","embeddable":true,"href":"https:\/\/farmerrain.vivamedia.dev\/de\/wp-json\/wp\/v2\/product_cat?post=68474"},{"taxonomy":"product_tag","embeddable":true,"href":"https:\/\/farmerrain.vivamedia.dev\/de\/wp-json\/wp\/v2\/product_tag?post=68474"},{"taxonomy":"activity","embeddable":true,"href":"https:\/\/farmerrain.vivamedia.dev\/de\/wp-json\/wp\/v2\/activity?post=68474"}],"curies":[{"name":"wp","href":"https:\/\/api.w.org\/{rel}","templated":true}]}}